{"id":16941,"date":"2020-03-02T10:27:05","date_gmt":"2020-03-02T15:27:05","guid":{"rendered":"https:\/\/demo03.houzez.co\/?page_id=16941"},"modified":"2025-04-18T02:38:01","modified_gmt":"2025-04-18T07:38:01","slug":"contacto","status":"publish","type":"page","link":"https:\/\/macca.com.co\/fr\/contacto\/","title":{"rendered":"Contact"},"content":{"rendered":"\t\t<div data-elementor-type=\"wp-page\" data-elementor-id=\"16941\" class=\"elementor elementor-16941\" data-elementor-post-type=\"page\">\n\t\t\t\t\t\t<section class=\"elementor-section elementor-top-section elementor-element elementor-element-3160181 elementor-section-content-middle elementor-section-boxed elementor-section-height-default elementor-section-height-default\" data-id=\"3160181\" data-element_type=\"section\" data-e-type=\"section\" data-settings=\"{&quot;background_background&quot;:&quot;classic&quot;}\">\n\t\t\t\t\t\t<div class=\"elementor-container elementor-column-gap-wider\">\n\t\t\t\t\t<div class=\"elementor-column elementor-col-50 elementor-top-column elementor-element elementor-element-2167846\" data-id=\"2167846\" data-element_type=\"column\" data-e-type=\"column\">\n\t\t\t<div class=\"elementor-widget-wrap elementor-element-populated\">\n\t\t\t\t\t\t<div class=\"elementor-element elementor-element-65344b46 elementor-widget elementor-widget-heading\" data-id=\"65344b46\" data-element_type=\"widget\" data-e-type=\"widget\" data-widget_type=\"heading.default\">\n\t\t\t\t<div class=\"elementor-widget-container\">\n\t\t\t\t\t<h5 class=\"elementor-heading-title elementor-size-default\">TRABAJEMOS JUNTOS<\/h5>\t\t\t\t<\/div>\n\t\t\t\t<\/div>\n\t\t\t\t<div class=\"elementor-element elementor-element-32a957c5 elementor-widget elementor-widget-heading\" data-id=\"32a957c5\" data-element_type=\"widget\" data-e-type=\"widget\" data-widget_type=\"heading.default\">\n\t\t\t\t<div class=\"elementor-widget-container\">\n\t\t\t\t\t<h2 class=\"elementor-heading-title elementor-size-default\">Cont\u00e1ctenos<\/h2>\t\t\t\t<\/div>\n\t\t\t\t<\/div>\n\t\t\t\t<div class=\"elementor-element elementor-element-8850cde elementor-widget elementor-widget-text-editor\" data-id=\"8850cde\" data-element_type=\"widget\" data-e-type=\"widget\" data-widget_type=\"text-editor.default\">\n\t\t\t\t<div class=\"elementor-widget-container\">\n\t\t\t\t\t\t\t\t\t<p>En Macca sabemos que los\u00a0 negocios se hacen entre personas y es ese contacto humano lo que sirve de base para crear relaciones s\u00f3lidas y duraderas que permitan un crecimiento continuo y los mejores \u00e9xitos en el mercado.<\/p><p>Nos encantar\u00eda saber de ti y que puedas contactarnos o visitarnos en nuestras oficinas en Medell\u00edn en el barrio Manila en El Poblado.<\/p>\t\t\t\t\t\t\t\t<\/div>\n\t\t\t\t<\/div>\n\t\t\t\t<div class=\"elementor-element elementor-element-7476f1c8 elementor-widget elementor-widget-text-editor\" data-id=\"7476f1c8\" data-element_type=\"widget\" data-e-type=\"widget\" data-widget_type=\"text-editor.default\">\n\t\t\t\t<div class=\"elementor-widget-container\">\n\t\t\t\t\t\t\t\t\t<p>Si eres un miembro de la prensa y buscas informaci\u00f3n espec\u00edfica, por favor escr\u00edbenos a:\u00a0<span style=\"letter-spacing: 0px;\">mercadeo@macca.com.co<br \/><br \/><\/span><\/p><p><span style=\"letter-spacing: 0px;\">De lo contrario, por favor copleta el siguiente formulario y alguien de nuestro equipo se pondr\u00e1 en contacto contigo a la brevedad.<\/span><\/p>\t\t\t\t\t\t\t\t<\/div>\n\t\t\t\t<\/div>\n\t\t\t\t<div class=\"elementor-element elementor-element-5fc08d04 elementor-button-align-stretch elementor-widget elementor-widget-form\" data-id=\"5fc08d04\" data-element_type=\"widget\" data-e-type=\"widget\" data-settings=\"{&quot;step_next_label&quot;:&quot;Next&quot;,&quot;step_previous_label&quot;:&quot;Previous&quot;,&quot;step_type&quot;:&quot;number_text&quot;,&quot;step_icon_shape&quot;:&quot;circle&quot;}\" data-widget_type=\"form.default\">\n\t\t\t\t<div class=\"elementor-widget-container\">\n\t\t\t\t\t\t\t<form class=\"elementor-form\" method=\"post\" name=\"New Form\" aria-label=\"New Form\">\n\t\t\t<input type=\"hidden\" name=\"post_id\" value=\"16941\"\/>\n\t\t\t<input type=\"hidden\" name=\"form_id\" value=\"5fc08d04\"\/>\n\t\t\t<input type=\"hidden\" name=\"referer_title\" value=\"\" \/>\n\n\t\t\t\n\t\t\t<div class=\"elementor-form-fields-wrapper elementor-labels-above\">\n\t\t\t\t\t\t\t\t<div class=\"elementor-field-type-text elementor-field-group elementor-column elementor-field-group-email elementor-col-50 elementor-field-required\">\n\t\t\t\t\t\t\t\t\t\t\t\t\t<input size=\"1\" type=\"text\" name=\"form_fields[email]\" id=\"form-field-email\" class=\"elementor-field elementor-size-md  elementor-field-textual\" placeholder=\"Nombre\" required=\"required\">\n\t\t\t\t\t\t\t\t\t\t\t<\/div>\n\t\t\t\t\t\t\t\t<div class=\"elementor-field-type-text elementor-field-group elementor-column elementor-field-group-3f7ac8e elementor-col-50 elementor-field-required\">\n\t\t\t\t\t\t\t\t\t\t\t\t\t<input size=\"1\" type=\"text\" name=\"form_fields[3f7ac8e]\" id=\"form-field-3f7ac8e\" class=\"elementor-field elementor-size-md  elementor-field-textual\" placeholder=\"Apellido\" required=\"required\">\n\t\t\t\t\t\t\t\t\t\t\t<\/div>\n\t\t\t\t\t\t\t\t<div class=\"elementor-field-type-email elementor-field-group elementor-column elementor-field-group-e70080f elementor-col-50 elementor-field-required\">\n\t\t\t\t\t\t\t\t\t\t\t\t\t<input size=\"1\" type=\"email\" name=\"form_fields[e70080f]\" id=\"form-field-e70080f\" class=\"elementor-field elementor-size-md  elementor-field-textual\" placeholder=\" E-mail \" required=\"required\">\n\t\t\t\t\t\t\t\t\t\t\t<\/div>\n\t\t\t\t\t\t\t\t<div class=\"elementor-field-type-text elementor-field-group elementor-column elementor-field-group-a580e33 elementor-col-50 elementor-field-required\">\n\t\t\t\t\t\t\t\t\t\t\t\t\t<input size=\"1\" type=\"text\" name=\"form_fields[a580e33]\" id=\"form-field-a580e33\" class=\"elementor-field elementor-size-md  elementor-field-textual\" placeholder=\"Tel\u00e9fono\" required=\"required\">\n\t\t\t\t\t\t\t\t\t\t\t<\/div>\n\t\t\t\t\t\t\t\t<div class=\"elementor-field-type-textarea elementor-field-group elementor-column elementor-field-group-70146e9 elementor-col-100 elementor-field-required\">\n\t\t\t\t\t<textarea class=\"elementor-field-textual elementor-field  elementor-size-md\" name=\"form_fields[70146e9]\" id=\"form-field-70146e9\" rows=\"4\" placeholder=\"Mensaje\" required=\"required\"><\/textarea>\t\t\t\t<\/div>\n\t\t\t\t\t\t\t\t<div class=\"elementor-field-type-recaptcha_v3 elementor-field-group elementor-column elementor-field-group-field_be77201 elementor-col-100 recaptcha_v3-bottomright\">\n\t\t\t\t\t<div class=\"elementor-field\" id=\"form-field-field_be77201\"><div class=\"elementor-g-recaptcha\" data-sitekey=\"6Lc6Q_UbAAAAADXP-RZ1npO3Sfcep9CUwkdlOQ8V\" data-type=\"v3\" data-action=\"Form\" data-badge=\"bottomright\" data-size=\"invisible\"><\/div><\/div>\t\t\t\t<\/div>\n\t\t\t\t\t\t\t\t<div class=\"elementor-field-group elementor-column elementor-field-type-submit elementor-col-100 e-form__buttons\">\n\t\t\t\t\t<button class=\"elementor-button elementor-size-md elementor-animation-float\" type=\"submit\">\n\t\t\t\t\t\t<span class=\"elementor-button-content-wrapper\">\n\t\t\t\t\t\t\t\t\t\t\t\t\t\t\t\t\t\t\t\t\t\t<span class=\"elementor-button-text\">ENVIAR<\/span>\n\t\t\t\t\t\t\t\t\t\t\t\t\t<\/span>\n\t\t\t\t\t<\/button>\n\t\t\t\t<\/div>\n\t\t\t<\/div>\n\t\t<\/form>\n\t\t\t\t\t\t<\/div>\n\t\t\t\t<\/div>\n\t\t\t\t\t<\/div>\n\t\t<\/div>\n\t\t\t\t<div class=\"elementor-column elementor-col-50 elementor-top-column elementor-element elementor-element-6c0f9e1\" data-id=\"6c0f9e1\" data-element_type=\"column\" data-e-type=\"column\">\n\t\t\t<div class=\"elementor-widget-wrap elementor-element-populated\">\n\t\t\t\t\t\t<div class=\"elementor-element elementor-element-aeb1fde elementor-invisible elementor-widget elementor-widget-image\" data-id=\"aeb1fde\" data-element_type=\"widget\" data-e-type=\"widget\" data-settings=\"{&quot;_animation&quot;:&quot;fadeIn&quot;}\" data-widget_type=\"image.default\">\n\t\t\t\t<div class=\"elementor-widget-container\">\n\t\t\t\t\t\t\t\t\t\t\t\t\t\t\t<img fetchpriority=\"high\" decoding=\"async\" width=\"1489\" height=\"2463\" src=\"https:\/\/macca.com.co\/wp-content\/uploads\/2024\/09\/L1008774-1.jpg\" class=\"attachment-full size-full wp-image-25198\" alt=\"\" srcset=\"https:\/\/macca.com.co\/wp-content\/uploads\/2024\/09\/L1008774-1.jpg 1489w, https:\/\/macca.com.co\/wp-content\/uploads\/2024\/09\/L1008774-1-181x300.jpg 181w, https:\/\/macca.com.co\/wp-content\/uploads\/2024\/09\/L1008774-1-619x1024.jpg 619w, https:\/\/macca.com.co\/wp-content\/uploads\/2024\/09\/L1008774-1-768x1270.jpg 768w, https:\/\/macca.com.co\/wp-content\/uploads\/2024\/09\/L1008774-1-929x1536.jpg 929w, https:\/\/macca.com.co\/wp-content\/uploads\/2024\/09\/L1008774-1-1238x2048.jpg 1238w, https:\/\/macca.com.co\/wp-content\/uploads\/2024\/09\/L1008774-1-7x12.webp 7w, https:\/\/macca.com.co\/wp-content\/uploads\/2024\/09\/L1008774-1-363x600.jpg 363w, https:\/\/macca.com.co\/wp-content\/uploads\/2024\/09\/L1008774-1-496x820.jpg 496w\" sizes=\"(max-width: 1489px) 100vw, 1489px\" title=\"\">\t\t\t\t\t\t\t\t\t\t\t\t\t\t\t<\/div>\n\t\t\t\t<\/div>\n\t\t\t\t<div class=\"elementor-element elementor-element-792b9e7 elementor-widget elementor-widget-heading\" data-id=\"792b9e7\" data-element_type=\"widget\" data-e-type=\"widget\" data-widget_type=\"heading.default\">\n\t\t\t\t<div class=\"elementor-widget-container\">\n\t\t\t\t\t<h3 class=\"elementor-heading-title elementor-size-default\">Edificio CCI Oficina 1613<br>\nCarrera 43b# 16-95,<br>\nMedell\u00edn,\u00a0Colombia<\/h3>\t\t\t\t<\/div>\n\t\t\t\t<\/div>\n\t\t\t\t\t<\/div>\n\t\t<\/div>\n\t\t\t\t\t<\/div>\n\t\t<\/section>\n\t\t\t\t<section class=\"elementor-section elementor-top-section elementor-element elementor-element-a348847 elementor-section-boxed elementor-section-height-default elementor-section-height-default\" data-id=\"a348847\" data-element_type=\"section\" data-e-type=\"section\" data-settings=\"{&quot;background_background&quot;:&quot;classic&quot;}\">\n\t\t\t\t\t\t\t<div class=\"elementor-background-overlay\"><\/div>\n\t\t\t\t\t\t\t<div class=\"elementor-container elementor-column-gap-default\">\n\t\t\t\t\t<div class=\"elementor-column elementor-col-100 elementor-top-column elementor-element elementor-element-c0501ef\" data-id=\"c0501ef\" data-element_type=\"column\" data-e-type=\"column\">\n\t\t\t<div class=\"elementor-widget-wrap elementor-element-populated\">\n\t\t\t\t\t\t<div class=\"elementor-element elementor-element-101cc0e elementor-widget elementor-widget-heading\" data-id=\"101cc0e\" data-element_type=\"widget\" data-e-type=\"widget\" data-widget_type=\"heading.default\">\n\t\t\t\t<div class=\"elementor-widget-container\">\n\t\t\t\t\t<h3 class=\"elementor-heading-title elementor-size-default\">Visitanos en Medell\u00edn<\/h3>\t\t\t\t<\/div>\n\t\t\t\t<\/div>\n\t\t\t\t\t<\/div>\n\t\t<\/div>\n\t\t\t\t\t<\/div>\n\t\t<\/section>\n\t\t\t\t<section class=\"elementor-section elementor-top-section elementor-element elementor-element-ce65803 elementor-section-full_width elementor-section-stretched elementor-section-height-default elementor-section-height-default\" data-id=\"ce65803\" data-element_type=\"section\" data-e-type=\"section\" data-settings=\"{&quot;stretch_section&quot;:&quot;section-stretched&quot;}\">\n\t\t\t\t\t\t<div class=\"elementor-container elementor-column-gap-default\">\n\t\t\t\t\t<div class=\"elementor-column elementor-col-100 elementor-top-column elementor-element elementor-element-d1d16af\" data-id=\"d1d16af\" data-element_type=\"column\" data-e-type=\"column\">\n\t\t\t<div class=\"elementor-widget-wrap elementor-element-populated\">\n\t\t\t\t\t\t<div class=\"elementor-element elementor-element-7bfa22c elementor-widget elementor-widget-google_maps\" data-id=\"7bfa22c\" data-element_type=\"widget\" data-e-type=\"widget\" data-widget_type=\"google_maps.default\">\n\t\t\t\t<div class=\"elementor-widget-container\">\n\t\t\t\t\t\t\t<div class=\"elementor-custom-embed\">\n\t\t\t<iframe loading=\"lazy\"\n\t\t\t\t\tsrc=\"https:\/\/maps.google.com\/maps?q=MACCA%20DESARROLLO%20INMOBILIARIO&#038;t=m&#038;z=16&#038;output=embed&#038;iwloc=near\"\n\t\t\t\t\ttitle=\"MACCA DESARROLLO INMOBILIARIO\"\n\t\t\t\t\taria-label=\"MACCA DESARROLLO INMOBILIARIO\"\n\t\t\t><\/iframe>\n\t\t<\/div>\n\t\t\t\t\t\t<\/div>\n\t\t\t\t<\/div>\n\t\t\t\t\t<\/div>\n\t\t<\/div>\n\t\t\t\t\t<\/div>\n\t\t<\/section>\n\t\t\t\t<\/div>\n\t\t","protected":false},"excerpt":{"rendered":"<p>TRABAJEMOS JUNTOS Cont\u00e1ctenos En Macca sabemos que los\u00a0 negocios se hacen entre personas y es ese contacto humano lo que sirve de base para crear relaciones s\u00f3lidas y duraderas que permitan un crecimiento continuo y los mejores \u00e9xitos en el mercado. Nos encantar\u00eda saber de ti y que puedas contactarnos o visitarnos en nuestras oficinas [&hellip;]<\/p>\n","protected":false},"author":1,"featured_media":0,"parent":0,"menu_order":0,"comment_status":"closed","ping_status":"closed","template":"elementor_header_footer","meta":{"footnotes":""},"class_list":["post-16941","page","type-page","status-publish","hentry"],"_links":{"self":[{"href":"https:\/\/macca.com.co\/fr\/wp-json\/wp\/v2\/pages\/16941","targetHints":{"allow":["GET"]}}],"collection":[{"href":"https:\/\/macca.com.co\/fr\/wp-json\/wp\/v2\/pages"}],"about":[{"href":"https:\/\/macca.com.co\/fr\/wp-json\/wp\/v2\/types\/page"}],"author":[{"embeddable":true,"href":"https:\/\/macca.com.co\/fr\/wp-json\/wp\/v2\/users\/1"}],"replies":[{"embeddable":true,"href":"https:\/\/macca.com.co\/fr\/wp-json\/wp\/v2\/comments?post=16941"}],"version-history":[{"count":60,"href":"https:\/\/macca.com.co\/fr\/wp-json\/wp\/v2\/pages\/16941\/revisions"}],"predecessor-version":[{"id":26773,"href":"https:\/\/macca.com.co\/fr\/wp-json\/wp\/v2\/pages\/16941\/revisions\/26773"}],"wp:attachment":[{"href":"https:\/\/macca.com.co\/fr\/wp-json\/wp\/v2\/media?parent=16941"}],"curies":[{"name":"wp","href":"https:\/\/api.w.org\/{rel}","templated":true}]}}